{"id":91,"date":"2013-01-22T19:52:44","date_gmt":"2013-01-22T19:52:44","guid":{"rendered":"http:\/\/paroquiagloria.org\/v2\/?page_id=91"},"modified":"2026-01-18T18:22:01","modified_gmt":"2026-01-18T18:22:01","slug":"contactos","status":"publish","type":"page","link":"https:\/\/paroquiagloria.org\/v2\/?page_id=91","title":{"rendered":"Contactos"},"content":{"rendered":"<p>Rua Batalh\u00e3o Ca\u00e7adores Dez, n\u00ba67<br>3810-064 Aveiro<br>telefone: (+351) 234 422 182 (chamada para a rede fixa nacional) | fax: 234 384 535<br>secretaria@paroquiagloria.org<br><a href=\"https:\/\/www.facebook.com\/pages\/Par%C3%B3quia-da-Gl%C3%B3ria-S%C3%A9-de-Aveiro\/493030240724860?fref=ts\" target=\"_blank\" rel=\"noopener\">Facebook<\/a>&nbsp;|&nbsp;<a href=\"http:\/\/www.youtube.com\/user\/pnsgaveiro\" target=\"_blank\" rel=\"noopener\">Youtube<\/a> | <a href=\"https:\/\/www.instagram.com\/pnsgloriaa38\/\" target=\"_blank\" rel=\"noopener\">Instagram<\/a><\/p>\n<p><b><span style=\"text-decoration: underline;\">Equipa Sacerdotal<\/span><\/b><\/p>\n<p><a href=\"http:\/\/paroquiagloria.org\/v2\/wp-content\/uploads\/2026\/01\/equipa25_26b.jpg\"><img loading=\"lazy\" class=\"aligncenter wp-image-14391 size-full\" src=\"http:\/\/paroquiagloria.org\/v2\/wp-content\/uploads\/2026\/01\/equipa25_26b.jpg\" alt=\"\" width=\"946\" height=\"361\" srcset=\"https:\/\/paroquiagloria.org\/v2\/wp-content\/uploads\/2026\/01\/equipa25_26b.jpg 946w, https:\/\/paroquiagloria.org\/v2\/wp-content\/uploads\/2026\/01\/equipa25_26b-300x114.jpg 300w, https:\/\/paroquiagloria.org\/v2\/wp-content\/uploads\/2026\/01\/equipa25_26b-768x293.jpg 768w\" sizes=\"(max-width: 946px) 100vw, 946px\" \/><\/a><\/p>\n\n\n<p><strong>P\u00e1roco:<\/strong> Pe. Fausto de Ara\u00fajo Oliveira | <a href=\"mailto:pe.faustooliveira@gmail.com\">pe.faustooliveira@gmail.com<br><\/a><strong>Colaborador Pastoral:<\/strong> Di\u00e1c. Jo\u00e3o Carlos Alberto de Pinho |&nbsp;<br><strong>Colaborador Pastoral:<\/strong> Pe. Armindo Wilson dos Santos Dunguionga |&nbsp;<\/p>\n\n\n\n<p><\/p>\n\n\n\n<p><\/p>\n","protected":false},"excerpt":{"rendered":"<p>Rua Batalh\u00e3o Ca\u00e7adores Dez, n\u00ba673810-064 Aveirotelefone: (+351) 234 422 182 (chamada para a rede fixa nacional) | fax: 234 384 535secretaria@paroquiagloria.orgFacebook&nbsp;|&nbsp;Youtube | Instagram Equipa Sacerdotal P\u00e1roco: Pe. Fausto de Ara\u00fajo Oliveira | pe.faustooliveira@gmail.comColaborador Pastoral: Di\u00e1c. Jo\u00e3o Carlos Alberto de Pinho |&nbsp;Colaborador Pastoral: Pe. Armindo Wilson dos Santos Dunguionga |&nbsp;<\/p>\n","protected":false},"author":1,"featured_media":0,"parent":0,"menu_order":0,"comment_status":"open","ping_status":"closed","template":"","meta":{"ngg_post_thumbnail":0},"_links":{"self":[{"href":"https:\/\/paroquiagloria.org\/v2\/index.php?rest_route=\/wp\/v2\/pages\/91"}],"collection":[{"href":"https:\/\/paroquiagloria.org\/v2\/index.php?rest_route=\/wp\/v2\/pages"}],"about":[{"href":"https:\/\/paroquiagloria.org\/v2\/index.php?rest_route=\/wp\/v2\/types\/page"}],"author":[{"embeddable":true,"href":"https:\/\/paroquiagloria.org\/v2\/index.php?rest_route=\/wp\/v2\/users\/1"}],"replies":[{"embeddable":true,"href":"https:\/\/paroquiagloria.org\/v2\/index.php?rest_route=%2Fwp%2Fv2%2Fcomments&post=91"}],"version-history":[{"count":36,"href":"https:\/\/paroquiagloria.org\/v2\/index.php?rest_route=\/wp\/v2\/pages\/91\/revisions"}],"predecessor-version":[{"id":14398,"href":"https:\/\/paroquiagloria.org\/v2\/index.php?rest_route=\/wp\/v2\/pages\/91\/revisions\/14398"}],"wp:attachment":[{"href":"https:\/\/paroquiagloria.org\/v2\/index.php?rest_route=%2Fwp%2Fv2%2Fmedia&parent=91"}],"curies":[{"name":"wp","href":"https:\/\/api.w.org\/{rel}","templated":true}]}}