{"id":74,"date":"2013-01-22T19:40:40","date_gmt":"2013-01-22T19:40:40","guid":{"rendered":"http:\/\/paroquiagloria.org\/v2\/?page_id=74"},"modified":"2026-02-22T16:56:27","modified_gmt":"2026-02-22T16:56:27","slug":"igreja-de-santiago","status":"publish","type":"page","link":"https:\/\/paroquiagloria.org\/v2\/?page_id=74","title":{"rendered":"Santiago"},"content":{"rendered":"<p><a href=\"http:\/\/paroquiagloria.org\/v2\/wp-content\/uploads\/2013\/01\/DSC_MJ111.jpg.jpg\"><img loading=\"lazy\" class=\"size-full wp-image-446 aligncenter\" src=\"http:\/\/paroquiagloria.org\/v2\/wp-content\/uploads\/2013\/01\/DSC_MJ111.jpg.jpg\" alt=\"DSC_MJ111.jpg\" width=\"400\" height=\"300\" srcset=\"https:\/\/paroquiagloria.org\/v2\/wp-content\/uploads\/2013\/01\/DSC_MJ111.jpg.jpg 400w, https:\/\/paroquiagloria.org\/v2\/wp-content\/uploads\/2013\/01\/DSC_MJ111.jpg-300x225.jpg 300w\" sizes=\"(max-width: 400px) 100vw, 400px\" \/><\/a><\/p>\n<p style=\"text-align: justify;\">Em pleno Bairro de Santiago, no centro da cidade de Aveiro, a Par\u00f3quia de Nossa Senhora da Gl\u00f3ria mant\u00e9m uma presen\u00e7a est\u00e1vel e regular.<br \/>\nCelebra Eucaristia ao s\u00e1bado, \u00e0s 18h, que \u00e9 sempre antecedida da ora\u00e7\u00e3o do Ter\u00e7o. Em Santiago, funcionam tamb\u00e9m grupos de catequese..<br \/>\nA presen\u00e7a de comunidades religiosas e de diferentes grupos de voluntariado e ac\u00e7\u00e3o social&nbsp;\u00e9 uma mais valia que favorece a proposta crist\u00e3 para crian\u00e7as, adolescentes, jovens e adultos.<\/p>\n","protected":false},"excerpt":{"rendered":"<p>Em pleno Bairro de Santiago, no centro da cidade de Aveiro, a Par\u00f3quia de Nossa Senhora da Gl\u00f3ria mant\u00e9m uma presen\u00e7a est\u00e1vel e regular. Celebra Eucaristia ao s\u00e1bado, \u00e0s 18h, que \u00e9 sempre antecedida da ora\u00e7\u00e3o do Ter\u00e7o. Em Santiago, funcionam tamb\u00e9m grupos de catequese.. A presen\u00e7a de comunidades religiosas e de diferentes grupos de [&hellip;]<\/p>\n","protected":false},"author":1,"featured_media":0,"parent":48,"menu_order":0,"comment_status":"open","ping_status":"closed","template":"","meta":{"ngg_post_thumbnail":0},"_links":{"self":[{"href":"https:\/\/paroquiagloria.org\/v2\/index.php?rest_route=\/wp\/v2\/pages\/74"}],"collection":[{"href":"https:\/\/paroquiagloria.org\/v2\/index.php?rest_route=\/wp\/v2\/pages"}],"about":[{"href":"https:\/\/paroquiagloria.org\/v2\/index.php?rest_route=\/wp\/v2\/types\/page"}],"author":[{"embeddable":true,"href":"https:\/\/paroquiagloria.org\/v2\/index.php?rest_route=\/wp\/v2\/users\/1"}],"replies":[{"embeddable":true,"href":"https:\/\/paroquiagloria.org\/v2\/index.php?rest_route=%2Fwp%2Fv2%2Fcomments&post=74"}],"version-history":[{"count":8,"href":"https:\/\/paroquiagloria.org\/v2\/index.php?rest_route=\/wp\/v2\/pages\/74\/revisions"}],"predecessor-version":[{"id":14529,"href":"https:\/\/paroquiagloria.org\/v2\/index.php?rest_route=\/wp\/v2\/pages\/74\/revisions\/14529"}],"up":[{"embeddable":true,"href":"https:\/\/paroquiagloria.org\/v2\/index.php?rest_route=\/wp\/v2\/pages\/48"}],"wp:attachment":[{"href":"https:\/\/paroquiagloria.org\/v2\/index.php?rest_route=%2Fwp%2Fv2%2Fmedia&parent=74"}],"curies":[{"name":"wp","href":"https:\/\/api.w.org\/{rel}","templated":true}]}}