{"id":208,"date":"2013-02-05T12:29:22","date_gmt":"2013-02-05T12:29:22","guid":{"rendered":"http:\/\/paroquiagloria.org\/v2\/?page_id=208"},"modified":"2024-01-21T11:45:15","modified_gmt":"2024-01-21T11:45:15","slug":"institutos-religiosos","status":"publish","type":"page","link":"https:\/\/paroquiagloria.org\/v2\/?page_id=208","title":{"rendered":"Institutos Religiosos"},"content":{"rendered":"<p><a href=\"http:\/\/paroquiagloria.org\/v2\/wp-content\/uploads\/2013\/02\/religiosa.jpg\"><img loading=\"lazy\" class=\"alignnone size-full wp-image-674 aligncenter\" src=\"http:\/\/paroquiagloria.org\/v2\/wp-content\/uploads\/2013\/02\/religiosa.jpg\" alt=\"religiosa\" width=\"320\" height=\"223\" srcset=\"https:\/\/paroquiagloria.org\/v2\/wp-content\/uploads\/2013\/02\/religiosa.jpg 320w, https:\/\/paroquiagloria.org\/v2\/wp-content\/uploads\/2013\/02\/religiosa-300x209.jpg 300w\" sizes=\"(max-width: 320px) 100vw, 320px\" \/><\/a><\/p>\n<p>&nbsp;<\/p>\n<p><a href=\"http:\/\/paroquiagloria.org\/v2\/?page_id=210\">Dominicanas de Santa Catarina de Sena<\/a><\/p>\n<p><a href=\"http:\/\/paroquiagloria.org\/v2\/?page_id=214\">Religiosas do Amor de Deus<\/a>&nbsp; &nbsp; &nbsp; &nbsp; &nbsp;(deixaram a Diocese em 2023)<\/p>\n<p><a href=\"http:\/\/paroquiagloria.org\/v2\/?page_id=216\">Religiosas do Sagrado Cora\u00e7\u00e3o de Maria<\/a> &nbsp; &nbsp; &nbsp; &nbsp; &nbsp;(deixaram a Diocese em 2019)<\/p>\n<p><a href=\"http:\/\/paroquiagloria.org\/v2\/?page_id=218\">Servas de Nossa Senhora de F\u00e1tima<\/a><\/p>\n<p><a href=\"http:\/\/paroquiagloria.org\/v2\/?page_id=220\">Servas da Santa Igreja<\/a> &nbsp; &nbsp; &nbsp; &nbsp; &nbsp;(deixaram a Diocese em 2019)<\/p>\n<p>&nbsp;<\/p>\n<p>&nbsp;<\/p>\n","protected":false},"excerpt":{"rendered":"<p>&nbsp; Dominicanas de Santa Catarina de Sena Religiosas do Amor de Deus&nbsp; &nbsp; &nbsp; &nbsp; &nbsp;(deixaram a Diocese em 2023) Religiosas do Sagrado Cora\u00e7\u00e3o de Maria &nbsp; &nbsp; &nbsp; &nbsp; &nbsp;(deixaram a Diocese em 2019) Servas de Nossa Senhora de F\u00e1tima Servas da Santa Igreja &nbsp; &nbsp; &nbsp; &nbsp; &nbsp;(deixaram a Diocese em 2019) &nbsp; [&hellip;]<\/p>\n","protected":false},"author":1,"featured_media":0,"parent":56,"menu_order":0,"comment_status":"open","ping_status":"closed","template":"","meta":{"ngg_post_thumbnail":0},"_links":{"self":[{"href":"https:\/\/paroquiagloria.org\/v2\/index.php?rest_route=\/wp\/v2\/pages\/208"}],"collection":[{"href":"https:\/\/paroquiagloria.org\/v2\/index.php?rest_route=\/wp\/v2\/pages"}],"about":[{"href":"https:\/\/paroquiagloria.org\/v2\/index.php?rest_route=\/wp\/v2\/types\/page"}],"author":[{"embeddable":true,"href":"https:\/\/paroquiagloria.org\/v2\/index.php?rest_route=\/wp\/v2\/users\/1"}],"replies":[{"embeddable":true,"href":"https:\/\/paroquiagloria.org\/v2\/index.php?rest_route=%2Fwp%2Fv2%2Fcomments&post=208"}],"version-history":[{"count":8,"href":"https:\/\/paroquiagloria.org\/v2\/index.php?rest_route=\/wp\/v2\/pages\/208\/revisions"}],"predecessor-version":[{"id":12229,"href":"https:\/\/paroquiagloria.org\/v2\/index.php?rest_route=\/wp\/v2\/pages\/208\/revisions\/12229"}],"up":[{"embeddable":true,"href":"https:\/\/paroquiagloria.org\/v2\/index.php?rest_route=\/wp\/v2\/pages\/56"}],"wp:attachment":[{"href":"https:\/\/paroquiagloria.org\/v2\/index.php?rest_route=%2Fwp%2Fv2%2Fmedia&parent=208"}],"curies":[{"name":"wp","href":"https:\/\/api.w.org\/{rel}","templated":true}]}}