{"id":172,"date":"2013-02-05T12:03:04","date_gmt":"2013-02-05T12:03:04","guid":{"rendered":"http:\/\/paroquiagloria.org\/v2\/?page_id=172"},"modified":"2013-09-21T16:55:47","modified_gmt":"2013-09-21T16:55:47","slug":"corpo-nacional-de-escutas","status":"publish","type":"page","link":"https:\/\/paroquiagloria.org\/v2\/?page_id=172","title":{"rendered":"Corpo Nacional de Escutas"},"content":{"rendered":"<p><a href=\"http:\/\/paroquiagloria.org\/v2\/wp-content\/uploads\/2013\/02\/cne.jpg\"><img loading=\"lazy\" class=\"alignnone size-large wp-image-612\" alt=\"OLYMPUS DIGITAL CAMERA\" src=\"http:\/\/paroquiagloria.org\/v2\/wp-content\/uploads\/2013\/02\/cne-1024x768.jpg\" width=\"1024\" height=\"768\" srcset=\"https:\/\/paroquiagloria.org\/v2\/wp-content\/uploads\/2013\/02\/cne-1024x768.jpg 1024w, https:\/\/paroquiagloria.org\/v2\/wp-content\/uploads\/2013\/02\/cne-300x225.jpg 300w, https:\/\/paroquiagloria.org\/v2\/wp-content\/uploads\/2013\/02\/cne.jpg 1280w\" sizes=\"(max-width: 1024px) 100vw, 1024px\" \/><\/a><\/p>\n<p>Na par\u00f3quia de Nossa Senhora da Gl\u00f3ria existem dois agrupamentos do Corpo Nacional de Escutas (CNE).<\/p>\n<p><strong>191 Aveiro<\/strong><\/p>\n<p><a href=\"http:\/\/paroquiagloria.org\/v2\/wp-content\/uploads\/2013\/09\/agrup191.pdf\" target=\"_blank\">INSCRI\u00c7\u00d5ES 2013\/14<\/a><\/p>\n<p style=\"text-align: justify;\">O <a href=\"https:\/\/www.facebook.com\/Agrp191Aveiro\" target=\"_blank\">Agrupamento 191 Aveiro<\/a> \u00e9 herdeiro do Grupo de Scouts Cat\u00f3licos n.\u00ba 36, fundado por volta de 1927. Esteve inactivo v\u00e1rias vezes e v\u00e1rias vezes foi reactivado.<br \/>\nEm 1979 foi autorizada por D. Manuel de Almeida Trindade a viabiliza\u00e7\u00e3o do Agrupamento 191 como sendo interparoquial e recebendo elementos da Gl\u00f3ria, Esgueira, Vera Cruz e Aradas.<br \/>\nActualmente, tendo Santa Joana Princesa com padroeira, \u00e9 formado por 59 efectivos: 13 lobitos, 10 exploradores, 12 pioneiros, 8 caminheiros e 16 dirigentes.<\/p>\n<p>&nbsp;<\/p>\n<p><strong> 794 Vilar<\/strong><br \/>\n<a href=\"http:\/\/paroquiagloria.org\/v2\/?attachment_id=320\" rel=\"attachment wp-att-320\"><img loading=\"lazy\" class=\"alignnone size-full wp-image-320\" alt=\"794_2012_13\" src=\"http:\/\/paroquiagloria.org\/v2\/wp-content\/uploads\/2013\/02\/794_2012_13.jpg\" width=\"960\" height=\"472\" srcset=\"https:\/\/paroquiagloria.org\/v2\/wp-content\/uploads\/2013\/02\/794_2012_13.jpg 960w, https:\/\/paroquiagloria.org\/v2\/wp-content\/uploads\/2013\/02\/794_2012_13-300x147.jpg 300w\" sizes=\"(max-width: 960px) 100vw, 960px\" \/><\/a><\/p>\n<p>O <a href=\"https:\/\/www.facebook.com\/pages\/Agrupamento-de-Escuteiros-de-Sto-Amaro-Vilar-Regi\u00e3o-de-Aveiro\/127158684059629?ref=ts&amp;fref=ts\" target=\"_blank\">Agrupamento 794 &#8211; Santo Amaro de Vilar<\/a> foi fundado a 11 de maio de 1986. Teve como grandes impulsionadores o Pe. Ant\u00f3nio Dias de Almeida juntamente com o Chefe Ventura e o Chefe Casimiro, que se lembraram de \u201ctrazer\u201d o escutismo para este pequeno lugar \u00e0s portas da cidade de Aveiro. Foram in\u00fameros os adolescentes e jovens que passaram pelas nossas fileiras e continuam a ser muitos, aqueles que ainda acreditam que \u00e9 poss\u00edvel deixar o mundo um pouco melhor do que o encontraram.<\/p>\n<p>Atualmente o agrupamento conta com um efetivo de 80 elementos distribu\u00eddos pelas quatro sec\u00e7\u00f5es (lobitos, exploradores, pioneiros e caminheiros).<\/p>\n","protected":false},"excerpt":{"rendered":"<p>Na par\u00f3quia de Nossa Senhora da Gl\u00f3ria existem dois agrupamentos do Corpo Nacional de Escutas (CNE). 191 Aveiro INSCRI\u00c7\u00d5ES 2013\/14 O Agrupamento 191 Aveiro \u00e9 herdeiro do Grupo de Scouts Cat\u00f3licos n.\u00ba 36, fundado por volta de 1927. Esteve inactivo v\u00e1rias vezes e v\u00e1rias vezes foi reactivado. Em 1979 foi autorizada por D. Manuel de [&hellip;]<\/p>\n","protected":false},"author":1,"featured_media":0,"parent":107,"menu_order":0,"comment_status":"open","ping_status":"closed","template":"","meta":{"ngg_post_thumbnail":0},"_links":{"self":[{"href":"https:\/\/paroquiagloria.org\/v2\/index.php?rest_route=\/wp\/v2\/pages\/172"}],"collection":[{"href":"https:\/\/paroquiagloria.org\/v2\/index.php?rest_route=\/wp\/v2\/pages"}],"about":[{"href":"https:\/\/paroquiagloria.org\/v2\/index.php?rest_route=\/wp\/v2\/types\/page"}],"author":[{"embeddable":true,"href":"https:\/\/paroquiagloria.org\/v2\/index.php?rest_route=\/wp\/v2\/users\/1"}],"replies":[{"embeddable":true,"href":"https:\/\/paroquiagloria.org\/v2\/index.php?rest_route=%2Fwp%2Fv2%2Fcomments&post=172"}],"version-history":[{"count":13,"href":"https:\/\/paroquiagloria.org\/v2\/index.php?rest_route=\/wp\/v2\/pages\/172\/revisions"}],"predecessor-version":[{"id":319,"href":"https:\/\/paroquiagloria.org\/v2\/index.php?rest_route=\/wp\/v2\/pages\/172\/revisions\/319"}],"up":[{"embeddable":true,"href":"https:\/\/paroquiagloria.org\/v2\/index.php?rest_route=\/wp\/v2\/pages\/107"}],"wp:attachment":[{"href":"https:\/\/paroquiagloria.org\/v2\/index.php?rest_route=%2Fwp%2Fv2%2Fmedia&parent=172"}],"curies":[{"name":"wp","href":"https:\/\/api.w.org\/{rel}","templated":true}]}}