{"id":111,"date":"2013-01-22T19:58:31","date_gmt":"2013-01-22T19:58:31","guid":{"rendered":"http:\/\/paroquiagloria.org\/v2\/?page_id=111"},"modified":"2013-02-12T19:40:35","modified_gmt":"2013-02-12T19:40:35","slug":"pastoral-familiar","status":"publish","type":"page","link":"https:\/\/paroquiagloria.org\/v2\/?page_id=111","title":{"rendered":"Pastoral Familiar"},"content":{"rendered":"<p><a href=\"http:\/\/paroquiagloria.org\/v2\/wp-content\/uploads\/2013\/01\/p-familiar.jpg\"><img loading=\"lazy\" class=\"size-full wp-image-621 aligncenter\" alt=\"p familiar\" src=\"http:\/\/paroquiagloria.org\/v2\/wp-content\/uploads\/2013\/01\/p-familiar.jpg\" width=\"231\" height=\"218\" \/><\/a><\/p>\n<p style=\"text-align: justify;\">A Pastoral Familiar \u00e9 toda a ac\u00e7\u00e3o da Igreja em favor da fam\u00edlia, acompanhando todos os passos da sua forma\u00e7\u00e3o.<\/p>\n<p style=\"text-align: justify;\">A Par\u00f3quia de Nossa Senhora da Gl\u00f3ria tem organizada a sua ac\u00e7\u00e3o no que toca \u00e0 Pastoral Familiar de acordo com as orienta\u00e7\u00f5es da Igreja em geral, em sintonia com o Plano Diocesano. Procura fazer a leitura dos sinais dos tempos, os desafios que a sociedade faz aos casais e fam\u00edlias de hoje.<\/p>\n<p style=\"text-align: justify;\">Re\u00fane mensalmente e \u00e9 respons\u00e1vel pelo Servi\u00e7o de prepara\u00e7\u00e3o para o Baptismo e Servi\u00e7o de prepara\u00e7\u00e3o para o Matrim\u00f3nio.<\/p>\n<p>&nbsp;<\/p>\n<p><a href=\"http:\/\/paroquiagloria.org\/v2\/?page_id=201\">Servi\u00e7o de prepara\u00e7\u00e3o para o baptismo<\/a><\/p>\n<p><a href=\"http:\/\/paroquiagloria.org\/v2\/?page_id=203\">Servi\u00e7o de prepara\u00e7\u00e3o para o matrim\u00f3nio<\/a><\/p>\n<p>&nbsp;<\/p>\n<p>&nbsp;<\/p>\n","protected":false},"excerpt":{"rendered":"<p>A Pastoral Familiar \u00e9 toda a ac\u00e7\u00e3o da Igreja em favor da fam\u00edlia, acompanhando todos os passos da sua forma\u00e7\u00e3o. A Par\u00f3quia de Nossa Senhora da Gl\u00f3ria tem organizada a sua ac\u00e7\u00e3o no que toca \u00e0 Pastoral Familiar de acordo com as orienta\u00e7\u00f5es da Igreja em geral, em sintonia com o Plano Diocesano. Procura fazer [&hellip;]<\/p>\n","protected":false},"author":1,"featured_media":0,"parent":53,"menu_order":0,"comment_status":"open","ping_status":"closed","template":"","meta":{"ngg_post_thumbnail":0},"_links":{"self":[{"href":"https:\/\/paroquiagloria.org\/v2\/index.php?rest_route=\/wp\/v2\/pages\/111"}],"collection":[{"href":"https:\/\/paroquiagloria.org\/v2\/index.php?rest_route=\/wp\/v2\/pages"}],"about":[{"href":"https:\/\/paroquiagloria.org\/v2\/index.php?rest_route=\/wp\/v2\/types\/page"}],"author":[{"embeddable":true,"href":"https:\/\/paroquiagloria.org\/v2\/index.php?rest_route=\/wp\/v2\/users\/1"}],"replies":[{"embeddable":true,"href":"https:\/\/paroquiagloria.org\/v2\/index.php?rest_route=%2Fwp%2Fv2%2Fcomments&post=111"}],"version-history":[{"count":9,"href":"https:\/\/paroquiagloria.org\/v2\/index.php?rest_route=\/wp\/v2\/pages\/111\/revisions"}],"predecessor-version":[{"id":259,"href":"https:\/\/paroquiagloria.org\/v2\/index.php?rest_route=\/wp\/v2\/pages\/111\/revisions\/259"}],"up":[{"embeddable":true,"href":"https:\/\/paroquiagloria.org\/v2\/index.php?rest_route=\/wp\/v2\/pages\/53"}],"wp:attachment":[{"href":"https:\/\/paroquiagloria.org\/v2\/index.php?rest_route=%2Fwp%2Fv2%2Fmedia&parent=111"}],"curies":[{"name":"wp","href":"https:\/\/api.w.org\/{rel}","templated":true}]}}