{"id":99,"date":"2013-01-22T19:56:19","date_gmt":"2013-01-22T19:56:19","guid":{"rendered":"http:\/\/paroquiagloria.org\/v2\/?page_id=99"},"modified":"2013-02-12T20:12:04","modified_gmt":"2013-02-12T20:12:04","slug":"conselho-economico","status":"publish","type":"page","link":"http:\/\/paroquiagloria.org\/v2\/?page_id=99","title":{"rendered":"Conselho Econ\u00f3mico Paroquial"},"content":{"rendered":"<p style=\"text-align: justify;\"><a href=\"http:\/\/paroquiagloria.org\/v2\/wp-content\/uploads\/2013\/01\/s\u00e9.jpg\"><img loading=\"lazy\" class=\"alignnone size-large wp-image-643\" alt=\"s\u00e9\" src=\"http:\/\/paroquiagloria.org\/v2\/wp-content\/uploads\/2013\/01\/s\u00e9-1024x768.jpg\" width=\"1024\" height=\"768\" srcset=\"http:\/\/paroquiagloria.org\/v2\/wp-content\/uploads\/2013\/01\/s\u00e9-1024x768.jpg 1024w, http:\/\/paroquiagloria.org\/v2\/wp-content\/uploads\/2013\/01\/s\u00e9-300x224.jpg 300w\" sizes=\"(max-width: 1024px) 100vw, 1024px\" \/><\/a><\/p>\n<p style=\"text-align: justify;\">O Conselho Econ\u00f3mico Paroquial (CEP) \u00e9 um \u00f3rg\u00e3o consultivo e de corresponsabilidade paroquial, que visa a gest\u00e3o dos bens que h\u00e3o de garantir minimamente as ac\u00e7\u00f5es pastorais. Na administra\u00e7\u00e3o dos bens da par\u00f3quia, o p\u00e1roco deve rodear-se de colaboradores, os quais com ele, e sob a sua presid\u00eancia, constituem o conselho paroquial de assuntos econ\u00f3micos.<\/p>\n<p style=\"text-align: justify;\">\u00abEm cada par\u00f3quia haja um conselho para os assuntos econ\u00f3micos, o qual rege pelo direito universal e pelas normas dadas pelo Bispo diocesano, e em que os fi\u00e9is, escolhidos segundo as normas, auxiliem o p\u00e1roco na administra\u00e7\u00e3o dos bens da par\u00f3quia, sem preju\u00edzo do prescrito no c\u00e2n. 532.\u00bb <em>(CIC 537)<\/em>.<\/p>\n","protected":false},"excerpt":{"rendered":"<p>O Conselho Econ\u00f3mico Paroquial (CEP) \u00e9 um \u00f3rg\u00e3o consultivo e de corresponsabilidade paroquial, que visa a gest\u00e3o dos bens que h\u00e3o de garantir minimamente as ac\u00e7\u00f5es pastorais. Na administra\u00e7\u00e3o dos bens da par\u00f3quia, o p\u00e1roco deve rodear-se de colaboradores, os quais com ele, e sob a sua presid\u00eancia, constituem o conselho paroquial de assuntos econ\u00f3micos. [&hellip;]<\/p>\n","protected":false},"author":1,"featured_media":0,"parent":53,"menu_order":0,"comment_status":"open","ping_status":"closed","template":"","meta":{"ngg_post_thumbnail":0},"_links":{"self":[{"href":"http:\/\/paroquiagloria.org\/v2\/index.php?rest_route=\/wp\/v2\/pages\/99"}],"collection":[{"href":"http:\/\/paroquiagloria.org\/v2\/index.php?rest_route=\/wp\/v2\/pages"}],"about":[{"href":"http:\/\/paroquiagloria.org\/v2\/index.php?rest_route=\/wp\/v2\/types\/page"}],"author":[{"embeddable":true,"href":"http:\/\/paroquiagloria.org\/v2\/index.php?rest_route=\/wp\/v2\/users\/1"}],"replies":[{"embeddable":true,"href":"http:\/\/paroquiagloria.org\/v2\/index.php?rest_route=%2Fwp%2Fv2%2Fcomments&post=99"}],"version-history":[{"count":6,"href":"http:\/\/paroquiagloria.org\/v2\/index.php?rest_route=\/wp\/v2\/pages\/99\/revisions"}],"predecessor-version":[{"id":642,"href":"http:\/\/paroquiagloria.org\/v2\/index.php?rest_route=\/wp\/v2\/pages\/99\/revisions\/642"}],"up":[{"embeddable":true,"href":"http:\/\/paroquiagloria.org\/v2\/index.php?rest_route=\/wp\/v2\/pages\/53"}],"wp:attachment":[{"href":"http:\/\/paroquiagloria.org\/v2\/index.php?rest_route=%2Fwp%2Fv2%2Fmedia&parent=99"}],"curies":[{"name":"wp","href":"https:\/\/api.w.org\/{rel}","templated":true}]}}