{"id":88,"date":"2013-01-22T19:50:40","date_gmt":"2013-01-22T19:50:40","guid":{"rendered":"http:\/\/paroquiagloria.org\/v2\/?page_id=88"},"modified":"2026-02-22T16:49:19","modified_gmt":"2026-02-22T16:49:19","slug":"horarios","status":"publish","type":"page","link":"http:\/\/paroquiagloria.org\/v2\/?page_id=88","title":{"rendered":"Hor\u00e1rios"},"content":{"rendered":"<p>&nbsp;<\/p>\n<p style=\"text-align: right;\"><em>actualiza\u00e7\u00e3o a 22.Fev&#8217;2026<\/em><\/p>\n<p><strong>HOR\u00c1RIOS DE INVERNO 2025\/2026<\/strong> &#8211; Entrada em vigor a partir do dia 12 de Outubro de 2025<\/p>\n\n\n<figure class=\"wp-block-image size-full\"><a href=\"http:\/\/paroquiagloria.org\/v2\/wp-content\/uploads\/2026\/02\/25_26_HorariosInverno_Fev.jpg\"><img loading=\"lazy\" width=\"809\" height=\"1024\" src=\"http:\/\/paroquiagloria.org\/v2\/wp-content\/uploads\/2026\/02\/25_26_HorariosInverno_Fev.jpg\" alt=\"\" class=\"wp-image-14526\" srcset=\"http:\/\/paroquiagloria.org\/v2\/wp-content\/uploads\/2026\/02\/25_26_HorariosInverno_Fev.jpg 809w, http:\/\/paroquiagloria.org\/v2\/wp-content\/uploads\/2026\/02\/25_26_HorariosInverno_Fev-237x300.jpg 237w, http:\/\/paroquiagloria.org\/v2\/wp-content\/uploads\/2026\/02\/25_26_HorariosInverno_Fev-768x972.jpg 768w\" sizes=\"(max-width: 809px) 100vw, 809px\" \/><\/a><\/figure>\n","protected":false},"excerpt":{"rendered":"<p>&nbsp; actualiza\u00e7\u00e3o a 22.Fev&#8217;2026 HOR\u00c1RIOS DE INVERNO 2025\/2026 &#8211; Entrada em vigor a partir do dia 12 de Outubro de 2025<\/p>\n","protected":false},"author":1,"featured_media":0,"parent":0,"menu_order":0,"comment_status":"open","ping_status":"closed","template":"","meta":{"ngg_post_thumbnail":0},"_links":{"self":[{"href":"http:\/\/paroquiagloria.org\/v2\/index.php?rest_route=\/wp\/v2\/pages\/88"}],"collection":[{"href":"http:\/\/paroquiagloria.org\/v2\/index.php?rest_route=\/wp\/v2\/pages"}],"about":[{"href":"http:\/\/paroquiagloria.org\/v2\/index.php?rest_route=\/wp\/v2\/types\/page"}],"author":[{"embeddable":true,"href":"http:\/\/paroquiagloria.org\/v2\/index.php?rest_route=\/wp\/v2\/users\/1"}],"replies":[{"embeddable":true,"href":"http:\/\/paroquiagloria.org\/v2\/index.php?rest_route=%2Fwp%2Fv2%2Fcomments&post=88"}],"version-history":[{"count":72,"href":"http:\/\/paroquiagloria.org\/v2\/index.php?rest_route=\/wp\/v2\/pages\/88\/revisions"}],"predecessor-version":[{"id":14527,"href":"http:\/\/paroquiagloria.org\/v2\/index.php?rest_route=\/wp\/v2\/pages\/88\/revisions\/14527"}],"wp:attachment":[{"href":"http:\/\/paroquiagloria.org\/v2\/index.php?rest_route=%2Fwp%2Fv2%2Fmedia&parent=88"}],"curies":[{"name":"wp","href":"https:\/\/api.w.org\/{rel}","templated":true}]}}