{"id":78,"date":"2013-01-22T19:41:20","date_gmt":"2013-01-22T19:41:20","guid":{"rendered":"http:\/\/paroquiagloria.org\/v2\/?page_id=78"},"modified":"2014-01-08T16:56:53","modified_gmt":"2014-01-08T16:56:53","slug":"igreja-de-nossa-senhora-da-ajuda","status":"publish","type":"page","link":"http:\/\/paroquiagloria.org\/v2\/?page_id=78","title":{"rendered":"Nossa Senhora da Ajuda"},"content":{"rendered":"<p><a href=\"http:\/\/paroquiagloria.org\/v2\/wp-content\/uploads\/2013\/01\/santiago-velho.jpg\"><img loading=\"lazy\" class=\"size-medium wp-image-1873 aligncenter\" alt=\"santiago velho\" src=\"http:\/\/paroquiagloria.org\/v2\/wp-content\/uploads\/2013\/01\/santiago-velho-222x300.jpg\" width=\"222\" height=\"300\" srcset=\"http:\/\/paroquiagloria.org\/v2\/wp-content\/uploads\/2013\/01\/santiago-velho-222x300.jpg 222w, http:\/\/paroquiagloria.org\/v2\/wp-content\/uploads\/2013\/01\/santiago-velho.jpg 475w\" sizes=\"(max-width: 222px) 100vw, 222px\" \/><\/a><\/p>\n<p style=\"text-align: justify;\">A Capela de Nossa Senhora da Ajuda tamb\u00e9m denominada de Santiago, situava-se primitivamente junto ao Parque Infante D. Pedro, tendo sido demolida e reconstru\u00edda em 1915 na actual localiza\u00e7\u00e3o, atr\u00e1s do Semin\u00e1rio de Santa Joana Princesa, rodeada pelo campus da Universidade de Aveiro.<br \/>\nCr\u00ea-se que a primitiva Capela ter\u00e1 sido constru\u00edda por volta do ano de 1575 e teria a invoca\u00e7\u00e3o de S. Greg\u00f3rio, Papa, restando desse tempo a imagem em pedra da Virgem com o Menino.<br \/>\nA constru\u00e7\u00e3o da actual Capela come\u00e7ou em Janeiro de 1915 e conclui-se em Dezembro de 1917.<br \/>\nPara a actual transitaram as imagens do ret\u00e1bulo-mor da Igreja Matriz do Esp\u00edrito Santo de Aveiro assim como a imagem de Santa Catarina de Alexandria da Igreja de S. Miguel de Aveiro e S. Tom\u00e1s de Aquino da Capela correspondente.<br \/>\nTrata-se de edificado simples com pequena torre sineira do lado esquerdo, nave simples com pequeno coro de madeira e capela-mor com pequena sacristia adossada do lado esquerdo.<br \/>\nNa 1972 foi totalmente revestida a azulejo da f\u00e1brica Aleluia.<\/p>\n","protected":false},"excerpt":{"rendered":"<p>A Capela de Nossa Senhora da Ajuda tamb\u00e9m denominada de Santiago, situava-se primitivamente junto ao Parque Infante D. Pedro, tendo sido demolida e reconstru\u00edda em 1915 na actual localiza\u00e7\u00e3o, atr\u00e1s do Semin\u00e1rio de Santa Joana Princesa, rodeada pelo campus da Universidade de Aveiro. Cr\u00ea-se que a primitiva Capela ter\u00e1 sido constru\u00edda por volta do ano [&hellip;]<\/p>\n","protected":false},"author":1,"featured_media":0,"parent":48,"menu_order":0,"comment_status":"open","ping_status":"closed","template":"","meta":{"ngg_post_thumbnail":0},"_links":{"self":[{"href":"http:\/\/paroquiagloria.org\/v2\/index.php?rest_route=\/wp\/v2\/pages\/78"}],"collection":[{"href":"http:\/\/paroquiagloria.org\/v2\/index.php?rest_route=\/wp\/v2\/pages"}],"about":[{"href":"http:\/\/paroquiagloria.org\/v2\/index.php?rest_route=\/wp\/v2\/types\/page"}],"author":[{"embeddable":true,"href":"http:\/\/paroquiagloria.org\/v2\/index.php?rest_route=\/wp\/v2\/users\/1"}],"replies":[{"embeddable":true,"href":"http:\/\/paroquiagloria.org\/v2\/index.php?rest_route=%2Fwp%2Fv2%2Fcomments&post=78"}],"version-history":[{"count":7,"href":"http:\/\/paroquiagloria.org\/v2\/index.php?rest_route=\/wp\/v2\/pages\/78\/revisions"}],"predecessor-version":[{"id":898,"href":"http:\/\/paroquiagloria.org\/v2\/index.php?rest_route=\/wp\/v2\/pages\/78\/revisions\/898"}],"up":[{"embeddable":true,"href":"http:\/\/paroquiagloria.org\/v2\/index.php?rest_route=\/wp\/v2\/pages\/48"}],"wp:attachment":[{"href":"http:\/\/paroquiagloria.org\/v2\/index.php?rest_route=%2Fwp%2Fv2%2Fmedia&parent=78"}],"curies":[{"name":"wp","href":"https:\/\/api.w.org\/{rel}","templated":true}]}}