{"id":62,"date":"2013-01-22T19:25:38","date_gmt":"2013-01-22T19:25:38","guid":{"rendered":"http:\/\/paroquiagloria.org\/v2\/?page_id=62"},"modified":"2014-11-28T18:52:33","modified_gmt":"2014-11-28T18:52:33","slug":"multimedia","status":"publish","type":"page","link":"http:\/\/paroquiagloria.org\/v2\/?page_id=62","title":{"rendered":"Multim\u00e9dia"},"content":{"rendered":"<p><a href=\"http:\/\/paroquiagloria.org\/v2\/?page_id=265\">Di\u00e1logo &#8211; Boletim paroquial<\/a><\/p>\n<p><a href=\"http:\/\/paroquiagloria.org\/v2\/?page_id=268\">Documentos<\/a><\/p>\n<p>&#8211; <a href=\"http:\/\/paroquiagloria.org\/v2\/?page_id=270\">S\u00ednodo da Fam\u00edlia<\/a><\/p>\n<p>&#8211; <a href=\"http:\/\/paroquiagloria.org\/v2\/?page_id=272\">Hist\u00f3ria<\/a><\/p>\n<p>&#8211; <a href=\"http:\/\/paroquiagloria.org\/v2\/?page_id=274\">C\u00e2nticos<\/a><\/p>\n<p><a href=\"http:\/\/paroquiagloria.org\/v2\/?page_id=277\">Galeria de imagens<\/a><\/p>\n<p><a href=\"http:\/\/paroquiagloria.org\/v2\/?page_id=279\">Galeria de v\u00eddeos<\/a><\/p>\n<p>&nbsp;<\/p>\n","protected":false},"excerpt":{"rendered":"<p>Di\u00e1logo &#8211; Boletim paroquial Documentos &#8211; S\u00ednodo da Fam\u00edlia &#8211; Hist\u00f3ria &#8211; C\u00e2nticos Galeria de imagens Galeria de v\u00eddeos &nbsp;<\/p>\n","protected":false},"author":1,"featured_media":0,"parent":0,"menu_order":0,"comment_status":"open","ping_status":"closed","template":"","meta":{"ngg_post_thumbnail":0},"_links":{"self":[{"href":"http:\/\/paroquiagloria.org\/v2\/index.php?rest_route=\/wp\/v2\/pages\/62"}],"collection":[{"href":"http:\/\/paroquiagloria.org\/v2\/index.php?rest_route=\/wp\/v2\/pages"}],"about":[{"href":"http:\/\/paroquiagloria.org\/v2\/index.php?rest_route=\/wp\/v2\/types\/page"}],"author":[{"embeddable":true,"href":"http:\/\/paroquiagloria.org\/v2\/index.php?rest_route=\/wp\/v2\/users\/1"}],"replies":[{"embeddable":true,"href":"http:\/\/paroquiagloria.org\/v2\/index.php?rest_route=%2Fwp%2Fv2%2Fcomments&post=62"}],"version-history":[{"count":8,"href":"http:\/\/paroquiagloria.org\/v2\/index.php?rest_route=\/wp\/v2\/pages\/62\/revisions"}],"predecessor-version":[{"id":2756,"href":"http:\/\/paroquiagloria.org\/v2\/index.php?rest_route=\/wp\/v2\/pages\/62\/revisions\/2756"}],"wp:attachment":[{"href":"http:\/\/paroquiagloria.org\/v2\/index.php?rest_route=%2Fwp%2Fv2%2Fmedia&parent=62"}],"curies":[{"name":"wp","href":"https:\/\/api.w.org\/{rel}","templated":true}]}}