{"id":60,"date":"2013-01-22T19:25:07","date_gmt":"2013-01-22T19:25:07","guid":{"rendered":"http:\/\/paroquiagloria.org\/v2\/?page_id=60"},"modified":"2013-02-13T20:06:31","modified_gmt":"2013-02-13T20:06:31","slug":"associacoes","status":"publish","type":"page","link":"http:\/\/paroquiagloria.org\/v2\/?page_id=60","title":{"rendered":"Associa\u00e7\u00f5es de  Fi\u00e9is"},"content":{"rendered":"<p><a href=\"http:\/\/paroquiagloria.org\/v2\/wp-content\/uploads\/2013\/01\/pentecostes1.jpg\"><img loading=\"lazy\" class=\"alignnone size-full wp-image-705\" alt=\"pentecostes1\" src=\"http:\/\/paroquiagloria.org\/v2\/wp-content\/uploads\/2013\/01\/pentecostes1.jpg\" width=\"826\" height=\"849\" srcset=\"http:\/\/paroquiagloria.org\/v2\/wp-content\/uploads\/2013\/01\/pentecostes1.jpg 826w, http:\/\/paroquiagloria.org\/v2\/wp-content\/uploads\/2013\/01\/pentecostes1-291x300.jpg 291w\" sizes=\"(max-width: 826px) 100vw, 826px\" \/><\/a><\/p>\n<p><a href=\"http:\/\/paroquiagloria.org\/v2\/?page_id=236\">Fraternidade Franciscana Secular de Aveiro<\/a><\/p>\n<p><a href=\"http:\/\/paroquiagloria.org\/v2\/?page_id=238\">Irmandade do Sant\u00edssimo Sacramento<\/a><\/p>\n<p><a href=\"http:\/\/paroquiagloria.org\/v2\/?page_id=240\">Irmandade do Senhor dos Passos<\/a><\/p>\n<p>&nbsp;<\/p>\n<p>&nbsp;<\/p>\n<p>&nbsp;<\/p>\n","protected":false},"excerpt":{"rendered":"<p>Fraternidade Franciscana Secular de Aveiro Irmandade do Sant\u00edssimo Sacramento Irmandade do Senhor dos Passos &nbsp; &nbsp; &nbsp;<\/p>\n","protected":false},"author":1,"featured_media":0,"parent":0,"menu_order":0,"comment_status":"open","ping_status":"closed","template":"","meta":{"ngg_post_thumbnail":0},"_links":{"self":[{"href":"http:\/\/paroquiagloria.org\/v2\/index.php?rest_route=\/wp\/v2\/pages\/60"}],"collection":[{"href":"http:\/\/paroquiagloria.org\/v2\/index.php?rest_route=\/wp\/v2\/pages"}],"about":[{"href":"http:\/\/paroquiagloria.org\/v2\/index.php?rest_route=\/wp\/v2\/types\/page"}],"author":[{"embeddable":true,"href":"http:\/\/paroquiagloria.org\/v2\/index.php?rest_route=\/wp\/v2\/users\/1"}],"replies":[{"embeddable":true,"href":"http:\/\/paroquiagloria.org\/v2\/index.php?rest_route=%2Fwp%2Fv2%2Fcomments&post=60"}],"version-history":[{"count":8,"href":"http:\/\/paroquiagloria.org\/v2\/index.php?rest_route=\/wp\/v2\/pages\/60\/revisions"}],"predecessor-version":[{"id":706,"href":"http:\/\/paroquiagloria.org\/v2\/index.php?rest_route=\/wp\/v2\/pages\/60\/revisions\/706"}],"wp:attachment":[{"href":"http:\/\/paroquiagloria.org\/v2\/index.php?rest_route=%2Fwp%2Fv2%2Fmedia&parent=60"}],"curies":[{"name":"wp","href":"https:\/\/api.w.org\/{rel}","templated":true}]}}