{"id":53,"date":"2013-01-22T19:10:06","date_gmt":"2013-01-22T19:10:06","guid":{"rendered":"http:\/\/paroquiagloria.org\/v2\/?page_id=53"},"modified":"2013-02-05T16:35:57","modified_gmt":"2013-02-05T16:35:57","slug":"grupos-pastorais","status":"publish","type":"page","link":"http:\/\/paroquiagloria.org\/v2\/?page_id=53","title":{"rendered":"Grupos Pastorais"},"content":{"rendered":"<p><a href=\"http:\/\/paroquiagloria.org\/v2\/?page_id=96\">Conselho pastoral<\/a><\/p>\n<p><a href=\"http:\/\/paroquiagloria.org\/v2\/?page_id=99\">Conselho econ\u00f3mico<\/a><\/p>\n<p><a href=\"http:\/\/paroquiagloria.org\/v2\/?page_id=101\">Liturgia<\/a><\/p>\n<p><a href=\"http:\/\/paroquiagloria.org\/v2\/?page_id=104\">Evangeliza\u00e7\u00e3o<\/a><\/p>\n<p><a href=\"http:\/\/paroquiagloria.org\/v2\/?page_id=107\">Movimentos<\/a><\/p>\n<p><a href=\"http:\/\/paroquiagloria.org\/v2\/?page_id=109\">A\u00e7\u00e3o social<\/a><\/p>\n<p><a href=\"http:\/\/paroquiagloria.org\/v2\/?page_id=111\">Pastoral Familiar<\/a><\/p>\n<p><a href=\"http:\/\/paroquiagloria.org\/v2\/?page_id=60\">Associa\u00e7\u00f5es de Fi\u00e9is<\/a><\/p>\n","protected":false},"excerpt":{"rendered":"<p>Conselho pastoral Conselho econ\u00f3mico Liturgia Evangeliza\u00e7\u00e3o Movimentos A\u00e7\u00e3o social Pastoral Familiar Associa\u00e7\u00f5es de Fi\u00e9is<\/p>\n","protected":false},"author":1,"featured_media":0,"parent":0,"menu_order":0,"comment_status":"open","ping_status":"closed","template":"","meta":{"ngg_post_thumbnail":0},"_links":{"self":[{"href":"http:\/\/paroquiagloria.org\/v2\/index.php?rest_route=\/wp\/v2\/pages\/53"}],"collection":[{"href":"http:\/\/paroquiagloria.org\/v2\/index.php?rest_route=\/wp\/v2\/pages"}],"about":[{"href":"http:\/\/paroquiagloria.org\/v2\/index.php?rest_route=\/wp\/v2\/types\/page"}],"author":[{"embeddable":true,"href":"http:\/\/paroquiagloria.org\/v2\/index.php?rest_route=\/wp\/v2\/users\/1"}],"replies":[{"embeddable":true,"href":"http:\/\/paroquiagloria.org\/v2\/index.php?rest_route=%2Fwp%2Fv2%2Fcomments&post=53"}],"version-history":[{"count":5,"href":"http:\/\/paroquiagloria.org\/v2\/index.php?rest_route=\/wp\/v2\/pages\/53\/revisions"}],"predecessor-version":[{"id":322,"href":"http:\/\/paroquiagloria.org\/v2\/index.php?rest_route=\/wp\/v2\/pages\/53\/revisions\/322"}],"wp:attachment":[{"href":"http:\/\/paroquiagloria.org\/v2\/index.php?rest_route=%2Fwp%2Fv2%2Fmedia&parent=53"}],"curies":[{"name":"wp","href":"https:\/\/api.w.org\/{rel}","templated":true}]}}