{"id":240,"date":"2013-02-05T12:40:07","date_gmt":"2013-02-05T12:40:07","guid":{"rendered":"http:\/\/paroquiagloria.org\/v2\/?page_id=240"},"modified":"2013-02-11T22:27:23","modified_gmt":"2013-02-11T22:27:23","slug":"irmandade-do-senhor-dos-passos","status":"publish","type":"page","link":"http:\/\/paroquiagloria.org\/v2\/?page_id=240","title":{"rendered":"Irmandade do Senhor dos Passos"},"content":{"rendered":"<p><a href=\"http:\/\/paroquiagloria.org\/v2\/wp-content\/uploads\/2013\/02\/srpassos.jpg\"><img loading=\"lazy\" class=\"size-full wp-image-559 aligncenter\" alt=\"srpassos\" src=\"http:\/\/paroquiagloria.org\/v2\/wp-content\/uploads\/2013\/02\/srpassos.jpg\" width=\"400\" height=\"300\" srcset=\"http:\/\/paroquiagloria.org\/v2\/wp-content\/uploads\/2013\/02\/srpassos.jpg 400w, http:\/\/paroquiagloria.org\/v2\/wp-content\/uploads\/2013\/02\/srpassos-300x225.jpg 300w\" sizes=\"(max-width: 400px) 100vw, 400px\" \/><\/a><\/p>\n<p><strong><em>Secret\u00e1rio:<\/em><\/strong> Ant\u00f3nio J\u00falio<\/p>\n","protected":false},"excerpt":{"rendered":"<p>Secret\u00e1rio: Ant\u00f3nio J\u00falio<\/p>\n","protected":false},"author":1,"featured_media":0,"parent":60,"menu_order":0,"comment_status":"open","ping_status":"closed","template":"","meta":{"ngg_post_thumbnail":0},"_links":{"self":[{"href":"http:\/\/paroquiagloria.org\/v2\/index.php?rest_route=\/wp\/v2\/pages\/240"}],"collection":[{"href":"http:\/\/paroquiagloria.org\/v2\/index.php?rest_route=\/wp\/v2\/pages"}],"about":[{"href":"http:\/\/paroquiagloria.org\/v2\/index.php?rest_route=\/wp\/v2\/types\/page"}],"author":[{"embeddable":true,"href":"http:\/\/paroquiagloria.org\/v2\/index.php?rest_route=\/wp\/v2\/users\/1"}],"replies":[{"embeddable":true,"href":"http:\/\/paroquiagloria.org\/v2\/index.php?rest_route=%2Fwp%2Fv2%2Fcomments&post=240"}],"version-history":[{"count":2,"href":"http:\/\/paroquiagloria.org\/v2\/index.php?rest_route=\/wp\/v2\/pages\/240\/revisions"}],"predecessor-version":[{"id":560,"href":"http:\/\/paroquiagloria.org\/v2\/index.php?rest_route=\/wp\/v2\/pages\/240\/revisions\/560"}],"up":[{"embeddable":true,"href":"http:\/\/paroquiagloria.org\/v2\/index.php?rest_route=\/wp\/v2\/pages\/60"}],"wp:attachment":[{"href":"http:\/\/paroquiagloria.org\/v2\/index.php?rest_route=%2Fwp%2Fv2%2Fmedia&parent=240"}],"curies":[{"name":"wp","href":"https:\/\/api.w.org\/{rel}","templated":true}]}}