{"id":224,"date":"2013-02-05T12:34:22","date_gmt":"2013-02-05T12:34:22","guid":{"rendered":"http:\/\/paroquiagloria.org\/v2\/?page_id=224"},"modified":"2013-02-13T19:36:34","modified_gmt":"2013-02-13T19:36:34","slug":"cooperadoras-da-familia","status":"publish","type":"page","link":"http:\/\/paroquiagloria.org\/v2\/?page_id=224","title":{"rendered":"Cooperadoras da Fam\u00edlia"},"content":{"rendered":"<p><a href=\"http:\/\/paroquiagloria.org\/v2\/wp-content\/uploads\/2013\/02\/MonsAlvesBras.jpg\"><img loading=\"lazy\" class=\"size-full wp-image-685 aligncenter\" alt=\"MonsAlvesBras\" src=\"http:\/\/paroquiagloria.org\/v2\/wp-content\/uploads\/2013\/02\/MonsAlvesBras.jpg\" width=\"193\" height=\"256\" \/><\/a><\/p>\n<p><strong>Casa de Santa Zita<\/strong><\/p>\n<p>Rua dos Combatentes da Grande Guerra, 113<\/p>\n<p>3810-087 Aveiro<\/p>\n<p><em>Telef:<\/em> 234 420 990<\/p>\n<p>&nbsp;<\/p>\n<p>&#8211; publica\u00e7\u00e3o peri\u00f3dica : <a href=\"http:\/\/ojornaldafamilia.blogspot.pt\/\">O Jornal da Fam\u00edlia<\/a><\/p>\n","protected":false},"excerpt":{"rendered":"<p>Casa de Santa Zita Rua dos Combatentes da Grande Guerra, 113 3810-087 Aveiro Telef: 234 420 990 &nbsp; &#8211; publica\u00e7\u00e3o peri\u00f3dica : O Jornal da Fam\u00edlia<\/p>\n","protected":false},"author":1,"featured_media":0,"parent":222,"menu_order":0,"comment_status":"open","ping_status":"closed","template":"","meta":{"ngg_post_thumbnail":0},"_links":{"self":[{"href":"http:\/\/paroquiagloria.org\/v2\/index.php?rest_route=\/wp\/v2\/pages\/224"}],"collection":[{"href":"http:\/\/paroquiagloria.org\/v2\/index.php?rest_route=\/wp\/v2\/pages"}],"about":[{"href":"http:\/\/paroquiagloria.org\/v2\/index.php?rest_route=\/wp\/v2\/types\/page"}],"author":[{"embeddable":true,"href":"http:\/\/paroquiagloria.org\/v2\/index.php?rest_route=\/wp\/v2\/users\/1"}],"replies":[{"embeddable":true,"href":"http:\/\/paroquiagloria.org\/v2\/index.php?rest_route=%2Fwp%2Fv2%2Fcomments&post=224"}],"version-history":[{"count":4,"href":"http:\/\/paroquiagloria.org\/v2\/index.php?rest_route=\/wp\/v2\/pages\/224\/revisions"}],"predecessor-version":[{"id":684,"href":"http:\/\/paroquiagloria.org\/v2\/index.php?rest_route=\/wp\/v2\/pages\/224\/revisions\/684"}],"up":[{"embeddable":true,"href":"http:\/\/paroquiagloria.org\/v2\/index.php?rest_route=\/wp\/v2\/pages\/222"}],"wp:attachment":[{"href":"http:\/\/paroquiagloria.org\/v2\/index.php?rest_route=%2Fwp%2Fv2%2Fmedia&parent=224"}],"curies":[{"name":"wp","href":"https:\/\/api.w.org\/{rel}","templated":true}]}}