{"id":201,"date":"2013-02-05T12:26:06","date_gmt":"2013-02-05T12:26:06","guid":{"rendered":"http:\/\/paroquiagloria.org\/v2\/?page_id=201"},"modified":"2013-02-12T19:44:56","modified_gmt":"2013-02-12T19:44:56","slug":"servico-de-preparacao-para-o-baptismo","status":"publish","type":"page","link":"http:\/\/paroquiagloria.org\/v2\/?page_id=201","title":{"rendered":"Servi\u00e7o de prepara\u00e7\u00e3o para o Baptismo"},"content":{"rendered":"<p><a href=\"http:\/\/paroquiagloria.org\/v2\/wp-content\/uploads\/2013\/02\/baptismo.jpg\"><img loading=\"lazy\" class=\"size-full wp-image-623 aligncenter\" alt=\"baptismo\" src=\"http:\/\/paroquiagloria.org\/v2\/wp-content\/uploads\/2013\/02\/baptismo.jpg\" width=\"562\" height=\"750\" srcset=\"http:\/\/paroquiagloria.org\/v2\/wp-content\/uploads\/2013\/02\/baptismo.jpg 562w, http:\/\/paroquiagloria.org\/v2\/wp-content\/uploads\/2013\/02\/baptismo-224x300.jpg 224w\" sizes=\"(max-width: 562px) 100vw, 562px\" \/><\/a><\/p>\n<p style=\"text-align: justify;\">Na Par\u00f3quia de Nossa Senhora da Gl\u00f3ria, regra geral,\u00a0os Baptismos celebram-se no \u00faltimo Domingo de cada m\u00eas e ainda no Domingo de P\u00e1scoa, terceiro Domingo de Julho, 15 de Agosto, 8 de Dezembro e no Dia de Natal.<\/p>\n<p style=\"text-align: justify;\">A prepara\u00e7\u00e3o dos Baptismos decorre, por norma, no fim de semana anterior \u00e0 celebra\u00e7\u00e3o do baptismo, no s\u00e1bado, entre as 15h e as 17h, no Centro Paroquial.<\/p>\n","protected":false},"excerpt":{"rendered":"<p>Na Par\u00f3quia de Nossa Senhora da Gl\u00f3ria, regra geral,\u00a0os Baptismos celebram-se no \u00faltimo Domingo de cada m\u00eas e ainda no Domingo de P\u00e1scoa, terceiro Domingo de Julho, 15 de Agosto, 8 de Dezembro e no Dia de Natal. A prepara\u00e7\u00e3o dos Baptismos decorre, por norma, no fim de semana anterior \u00e0 celebra\u00e7\u00e3o do baptismo, no [&hellip;]<\/p>\n","protected":false},"author":1,"featured_media":0,"parent":111,"menu_order":0,"comment_status":"open","ping_status":"closed","template":"","meta":{"ngg_post_thumbnail":0},"_links":{"self":[{"href":"http:\/\/paroquiagloria.org\/v2\/index.php?rest_route=\/wp\/v2\/pages\/201"}],"collection":[{"href":"http:\/\/paroquiagloria.org\/v2\/index.php?rest_route=\/wp\/v2\/pages"}],"about":[{"href":"http:\/\/paroquiagloria.org\/v2\/index.php?rest_route=\/wp\/v2\/types\/page"}],"author":[{"embeddable":true,"href":"http:\/\/paroquiagloria.org\/v2\/index.php?rest_route=\/wp\/v2\/users\/1"}],"replies":[{"embeddable":true,"href":"http:\/\/paroquiagloria.org\/v2\/index.php?rest_route=%2Fwp%2Fv2%2Fcomments&post=201"}],"version-history":[{"count":6,"href":"http:\/\/paroquiagloria.org\/v2\/index.php?rest_route=\/wp\/v2\/pages\/201\/revisions"}],"predecessor-version":[{"id":626,"href":"http:\/\/paroquiagloria.org\/v2\/index.php?rest_route=\/wp\/v2\/pages\/201\/revisions\/626"}],"up":[{"embeddable":true,"href":"http:\/\/paroquiagloria.org\/v2\/index.php?rest_route=\/wp\/v2\/pages\/111"}],"wp:attachment":[{"href":"http:\/\/paroquiagloria.org\/v2\/index.php?rest_route=%2Fwp%2Fv2%2Fmedia&parent=201"}],"curies":[{"name":"wp","href":"https:\/\/api.w.org\/{rel}","templated":true}]}}