{"id":194,"date":"2013-02-05T12:24:02","date_gmt":"2013-02-05T12:24:02","guid":{"rendered":"http:\/\/paroquiagloria.org\/v2\/?page_id=194"},"modified":"2013-02-12T20:01:05","modified_gmt":"2013-02-12T20:01:05","slug":"rouparia-solidaria","status":"publish","type":"page","link":"http:\/\/paroquiagloria.org\/v2\/?page_id=194","title":{"rendered":"Rouparia Solid\u00e1ria"},"content":{"rendered":"<p><a href=\"http:\/\/paroquiagloria.org\/v2\/wp-content\/uploads\/2013\/02\/rouparia.jpg\"><img loading=\"lazy\" class=\"size-full wp-image-455 aligncenter\" alt=\"rouparia\" src=\"http:\/\/paroquiagloria.org\/v2\/wp-content\/uploads\/2013\/02\/rouparia.jpg\" width=\"427\" height=\"249\" srcset=\"http:\/\/paroquiagloria.org\/v2\/wp-content\/uploads\/2013\/02\/rouparia.jpg 427w, http:\/\/paroquiagloria.org\/v2\/wp-content\/uploads\/2013\/02\/rouparia-300x174.jpg 300w\" sizes=\"(max-width: 427px) 100vw, 427px\" \/><\/a><\/p>\n<p style=\"text-align: justify;\">A Par\u00f3quia de Nossa Senhora da Gl\u00f3ria possui uma Rouparia Solid\u00e1ria. Este servi\u00e7o faz a recolha de vestu\u00e1rio, roupas de casa, cal\u00e7ado e brinquedos para distribuir gratuitamente por todos os que procuram ajuda. Todas as roupas s\u00e3o tratadas, lavadas e passadas, o cal\u00e7ado \u00e9 arranjado e os brinquedos s\u00e3o lavados. Tudo o que damos \u00e9 de cora\u00e7\u00e3o. Visite-nos e apoie a nossa causa.<\/p>\n<p style=\"text-align: justify;\">Funciona no 1.\u00ba andar do Mercado de Santiago, de ter\u00e7a a sexta-feira, das 10h-12h e 15h-17h.<\/p>\n<p>&nbsp;<\/p>\n<p><strong>Contactos:<\/strong><\/p>\n<p>234 425 372 ; 927 198 729 ; 234 422 182<\/p>\n<p><a href=\"mailto:roupariasolidaria@gmail.com\">roupariasolidaria@gmail.com<\/a><\/p>\n<div><a href=\"http:\/\/roupariasolidaria.blogspot.pt\/\" target=\"_blank\">blogue<\/a><\/div>\n","protected":false},"excerpt":{"rendered":"<p>A Par\u00f3quia de Nossa Senhora da Gl\u00f3ria possui uma Rouparia Solid\u00e1ria. Este servi\u00e7o faz a recolha de vestu\u00e1rio, roupas de casa, cal\u00e7ado e brinquedos para distribuir gratuitamente por todos os que procuram ajuda. Todas as roupas s\u00e3o tratadas, lavadas e passadas, o cal\u00e7ado \u00e9 arranjado e os brinquedos s\u00e3o lavados. Tudo o que damos \u00e9 [&hellip;]<\/p>\n","protected":false},"author":1,"featured_media":0,"parent":109,"menu_order":0,"comment_status":"open","ping_status":"closed","template":"","meta":{"ngg_post_thumbnail":0},"_links":{"self":[{"href":"http:\/\/paroquiagloria.org\/v2\/index.php?rest_route=\/wp\/v2\/pages\/194"}],"collection":[{"href":"http:\/\/paroquiagloria.org\/v2\/index.php?rest_route=\/wp\/v2\/pages"}],"about":[{"href":"http:\/\/paroquiagloria.org\/v2\/index.php?rest_route=\/wp\/v2\/types\/page"}],"author":[{"embeddable":true,"href":"http:\/\/paroquiagloria.org\/v2\/index.php?rest_route=\/wp\/v2\/users\/1"}],"replies":[{"embeddable":true,"href":"http:\/\/paroquiagloria.org\/v2\/index.php?rest_route=%2Fwp%2Fv2%2Fcomments&post=194"}],"version-history":[{"count":7,"href":"http:\/\/paroquiagloria.org\/v2\/index.php?rest_route=\/wp\/v2\/pages\/194\/revisions"}],"predecessor-version":[{"id":456,"href":"http:\/\/paroquiagloria.org\/v2\/index.php?rest_route=\/wp\/v2\/pages\/194\/revisions\/456"}],"up":[{"embeddable":true,"href":"http:\/\/paroquiagloria.org\/v2\/index.php?rest_route=\/wp\/v2\/pages\/109"}],"wp:attachment":[{"href":"http:\/\/paroquiagloria.org\/v2\/index.php?rest_route=%2Fwp%2Fv2%2Fmedia&parent=194"}],"curies":[{"name":"wp","href":"https:\/\/api.w.org\/{rel}","templated":true}]}}