{"id":147,"date":"2013-02-05T11:34:27","date_gmt":"2013-02-05T11:34:27","guid":{"rendered":"http:\/\/paroquiagloria.org\/v2\/?page_id=147"},"modified":"2013-02-13T20:41:36","modified_gmt":"2013-02-13T20:41:36","slug":"zeladoras-do-templo","status":"publish","type":"page","link":"http:\/\/paroquiagloria.org\/v2\/?page_id=147","title":{"rendered":"Zeladoras do templo"},"content":{"rendered":"<p>&nbsp;<\/p>\n<p><a href=\"http:\/\/paroquiagloria.org\/v2\/wp-content\/uploads\/2013\/02\/IC_10.jpg.jpg\"><img loading=\"lazy\" class=\"size-full wp-image-720 aligncenter\" alt=\"IC_10.jpg\" src=\"http:\/\/paroquiagloria.org\/v2\/wp-content\/uploads\/2013\/02\/IC_10.jpg.jpg\" width=\"300\" height=\"400\" srcset=\"http:\/\/paroquiagloria.org\/v2\/wp-content\/uploads\/2013\/02\/IC_10.jpg.jpg 300w, http:\/\/paroquiagloria.org\/v2\/wp-content\/uploads\/2013\/02\/IC_10.jpg-225x300.jpg 225w\" sizes=\"(max-width: 300px) 100vw, 300px\" \/><\/a><\/p>\n<p>&#8220;\u00c9 necess\u00e1rio que, em tudo quanto tenha a ver com a Eucaristia, haja gosto pela beleza; dever-se-\u00e1 ter respeito e cuidado tamb\u00e9m pelos paramentos, as alfaias, os vasos sagrados, para que, interligados de forma org\u00e2nica e ordenada, alimentem o enlevo pelo mist\u00e9rio de Deus, manifestem a unidade da f\u00e9 e reforcem a devo\u00e7\u00e3o&#8221;. (Bento XVI, <i>Sacramentum Caritatis<\/i>, 41).<\/p>\n<p>&nbsp;<\/p>\n<p>Com o seu servi\u00e7o humilde e simples as zeladoras d\u00e3o um contributo, para que,\u00a0&#8220;na liturgia, brilhe a beleza do mist\u00e9rio pascal, pelo qual o pr\u00f3prio Cristo nos atrai a Si\u00a0e chama \u00e0 comunh\u00e3o. Em Jesus, contemplamos a beleza e o esplendor das origens.\u00a0Referimo-nos aqui a este atributo da beleza, vista n\u00e3o enquanto mero esteticismo,\u00a0mas como modalidade com que a verdade do amor de Deus em Cristo nos alcan\u00e7a,\u00a0fascina e arrebata, fazendo-nos sair de n\u00f3s mesmos e atraindo-nos assim para a nossa verdadeira voca\u00e7\u00e3o: o amor. A beleza da liturgia pertence a este mist\u00e9rio; \u00e9 express\u00e3o excelsa da gl\u00f3ria de Deus e, de certa forma, constitui o c\u00e9u que desce \u00e0 terra. A beleza n\u00e3o \u00e9 um factor decorativo da ac\u00e7\u00e3o lit\u00fargica, mas seu elemento constitutivo, enquanto atributo do pr\u00f3prio Deus e da sua revela\u00e7\u00e3o. Tudo isto nos h\u00e1-de tornar conscientes da aten\u00e7\u00e3o que se deve prestar \u00e0 ac\u00e7\u00e3o lit\u00fargica para que brilhe segundo a sua pr\u00f3pria natureza&#8221;. (Bento XVI, <i>Sacramentum Caritatis<\/i>, 35).<\/p>\n<p>&nbsp;<\/p>\n<p>A par\u00f3quia conta com a colabora\u00e7\u00e3o preciosa de equipas de Zeladoras do Templo que t\u00eam a seu encargo a limpeza e ornamenta\u00e7\u00e3o da igreja.<\/p>\n<p>Apesar de ser um trabalho que passa despercebido, \u00e9 muito digno e precisa de volunt\u00e1rios para enriquecer as equipas&#8230;<\/p>\n","protected":false},"excerpt":{"rendered":"<p>&nbsp; &#8220;\u00c9 necess\u00e1rio que, em tudo quanto tenha a ver com a Eucaristia, haja gosto pela beleza; dever-se-\u00e1 ter respeito e cuidado tamb\u00e9m pelos paramentos, as alfaias, os vasos sagrados, para que, interligados de forma org\u00e2nica e ordenada, alimentem o enlevo pelo mist\u00e9rio de Deus, manifestem a unidade da f\u00e9 e reforcem a devo\u00e7\u00e3o&#8221;. (Bento [&hellip;]<\/p>\n","protected":false},"author":1,"featured_media":0,"parent":101,"menu_order":0,"comment_status":"open","ping_status":"closed","template":"","meta":{"ngg_post_thumbnail":0},"_links":{"self":[{"href":"http:\/\/paroquiagloria.org\/v2\/index.php?rest_route=\/wp\/v2\/pages\/147"}],"collection":[{"href":"http:\/\/paroquiagloria.org\/v2\/index.php?rest_route=\/wp\/v2\/pages"}],"about":[{"href":"http:\/\/paroquiagloria.org\/v2\/index.php?rest_route=\/wp\/v2\/types\/page"}],"author":[{"embeddable":true,"href":"http:\/\/paroquiagloria.org\/v2\/index.php?rest_route=\/wp\/v2\/users\/1"}],"replies":[{"embeddable":true,"href":"http:\/\/paroquiagloria.org\/v2\/index.php?rest_route=%2Fwp%2Fv2%2Fcomments&post=147"}],"version-history":[{"count":5,"href":"http:\/\/paroquiagloria.org\/v2\/index.php?rest_route=\/wp\/v2\/pages\/147\/revisions"}],"predecessor-version":[{"id":719,"href":"http:\/\/paroquiagloria.org\/v2\/index.php?rest_route=\/wp\/v2\/pages\/147\/revisions\/719"}],"up":[{"embeddable":true,"href":"http:\/\/paroquiagloria.org\/v2\/index.php?rest_route=\/wp\/v2\/pages\/101"}],"wp:attachment":[{"href":"http:\/\/paroquiagloria.org\/v2\/index.php?rest_route=%2Fwp%2Fv2%2Fmedia&parent=147"}],"curies":[{"name":"wp","href":"https:\/\/api.w.org\/{rel}","templated":true}]}}