{"id":135,"date":"2013-02-05T11:21:52","date_gmt":"2013-02-05T11:21:52","guid":{"rendered":"http:\/\/paroquiagloria.org\/v2\/?page_id=135"},"modified":"2014-09-23T16:42:03","modified_gmt":"2014-09-23T16:42:03","slug":"ministros-extreordinarios-da-comunhao","status":"publish","type":"page","link":"http:\/\/paroquiagloria.org\/v2\/?page_id=135","title":{"rendered":"Ministros Extraordin\u00e1rios da Comunh\u00e3o"},"content":{"rendered":"<p><a href=\"http:\/\/paroquiagloria.org\/v2\/wp-content\/uploads\/2013\/02\/mec.jpg\"><img loading=\"lazy\" class=\"size-full wp-image-717 aligncenter\" src=\"http:\/\/paroquiagloria.org\/v2\/wp-content\/uploads\/2013\/02\/mec.jpg\" alt=\"mec\" width=\"200\" height=\"200\" srcset=\"http:\/\/paroquiagloria.org\/v2\/wp-content\/uploads\/2013\/02\/mec.jpg 200w, http:\/\/paroquiagloria.org\/v2\/wp-content\/uploads\/2013\/02\/mec-150x150.jpg 150w\" sizes=\"(max-width: 200px) 100vw, 200px\" \/><\/a><\/p>\n<p><strong>Respons\u00e1vel:<\/strong> Carminda Vieira<\/p>\n<p style=\"text-align: justify;\">A Instru\u00e7\u00e3o <i>Immensae caritatis<\/i>, da Sagrada Congrega\u00e7\u00e3o da Disciplina dos Sacramentos, de 29 de Janeiro de 1973, instituiu o Ministro Extraordin\u00e1rio da Comunh\u00e3o (MEC) e definiu a finalidade deste minist\u00e9rio laical, fixando as normas de admiss\u00e3o dos candidatos.<\/p>\n<p style=\"text-align: justify;\">Na sequ\u00eancia deste documento, a Confer\u00eancia Episcopal Portuguesa publicou algumas orienta\u00e7\u00f5es que devem ser tidas em conta na escolha e proposta dos candidatos a serem nomeados. Por decis\u00e3o do Bispo Diocesano, as mesmas orienta\u00e7\u00f5es est\u00e3o em vigor na Diocese de Aveiro.<\/p>\n<p style=\"text-align: justify;\">O MEC realiza um servi\u00e7o lit\u00fargico que responde a necessidades objectivas dos fi\u00e9is, destinado sobretudo aos enfermos e \u00e0s assembleias lit\u00fargicas nas quais s\u00e3o particularmente numerosos os fi\u00e9is que desejam receber a sagrada comunh\u00e3o.<\/p>\n","protected":false},"excerpt":{"rendered":"<p>Respons\u00e1vel: Carminda Vieira A Instru\u00e7\u00e3o Immensae caritatis, da Sagrada Congrega\u00e7\u00e3o da Disciplina dos Sacramentos, de 29 de Janeiro de 1973, instituiu o Ministro Extraordin\u00e1rio da Comunh\u00e3o (MEC) e definiu a finalidade deste minist\u00e9rio laical, fixando as normas de admiss\u00e3o dos candidatos. Na sequ\u00eancia deste documento, a Confer\u00eancia Episcopal Portuguesa publicou algumas orienta\u00e7\u00f5es que devem ser [&hellip;]<\/p>\n","protected":false},"author":1,"featured_media":0,"parent":101,"menu_order":0,"comment_status":"open","ping_status":"closed","template":"","meta":{"ngg_post_thumbnail":0},"_links":{"self":[{"href":"http:\/\/paroquiagloria.org\/v2\/index.php?rest_route=\/wp\/v2\/pages\/135"}],"collection":[{"href":"http:\/\/paroquiagloria.org\/v2\/index.php?rest_route=\/wp\/v2\/pages"}],"about":[{"href":"http:\/\/paroquiagloria.org\/v2\/index.php?rest_route=\/wp\/v2\/types\/page"}],"author":[{"embeddable":true,"href":"http:\/\/paroquiagloria.org\/v2\/index.php?rest_route=\/wp\/v2\/users\/1"}],"replies":[{"embeddable":true,"href":"http:\/\/paroquiagloria.org\/v2\/index.php?rest_route=%2Fwp%2Fv2%2Fcomments&post=135"}],"version-history":[{"count":7,"href":"http:\/\/paroquiagloria.org\/v2\/index.php?rest_route=\/wp\/v2\/pages\/135\/revisions"}],"predecessor-version":[{"id":2580,"href":"http:\/\/paroquiagloria.org\/v2\/index.php?rest_route=\/wp\/v2\/pages\/135\/revisions\/2580"}],"up":[{"embeddable":true,"href":"http:\/\/paroquiagloria.org\/v2\/index.php?rest_route=\/wp\/v2\/pages\/101"}],"wp:attachment":[{"href":"http:\/\/paroquiagloria.org\/v2\/index.php?rest_route=%2Fwp%2Fv2%2Fmedia&parent=135"}],"curies":[{"name":"wp","href":"https:\/\/api.w.org\/{rel}","templated":true}]}}