{"id":109,"date":"2013-01-22T19:58:12","date_gmt":"2013-01-22T19:58:12","guid":{"rendered":"http:\/\/paroquiagloria.org\/v2\/?page_id=109"},"modified":"2015-01-23T02:37:07","modified_gmt":"2015-01-23T02:37:07","slug":"acao-social","status":"publish","type":"page","link":"http:\/\/paroquiagloria.org\/v2\/?page_id=109","title":{"rendered":"Ac\u00e7\u00e3o Social"},"content":{"rendered":"<p><a href=\"http:\/\/paroquiagloria.org\/v2\/wp-content\/uploads\/2013\/01\/Christ-Washing-the-Feet-of-his-Disciples_-c_-1655-_157-x-221mm_Rijksmuseum-Amsterdam.jpg\"><img loading=\"lazy\" class=\"alignnone size-full wp-image-416\" src=\"http:\/\/paroquiagloria.org\/v2\/wp-content\/uploads\/2013\/01\/Christ-Washing-the-Feet-of-his-Disciples_-c_-1655-_157-x-221mm_Rijksmuseum-Amsterdam.jpg\" alt=\"Christ Washing the Feet of his Disciples_ c_ 1655 _157 x 221mm_Rijksmuseum, Amsterdam\" width=\"700\" height=\"503\" srcset=\"http:\/\/paroquiagloria.org\/v2\/wp-content\/uploads\/2013\/01\/Christ-Washing-the-Feet-of-his-Disciples_-c_-1655-_157-x-221mm_Rijksmuseum-Amsterdam.jpg 700w, http:\/\/paroquiagloria.org\/v2\/wp-content\/uploads\/2013\/01\/Christ-Washing-the-Feet-of-his-Disciples_-c_-1655-_157-x-221mm_Rijksmuseum-Amsterdam-300x215.jpg 300w\" sizes=\"(max-width: 700px) 100vw, 700px\" \/><\/a><\/p>\n<h4 style=\"text-align: center;\"><span style=\"color: #ffffff;\">H\u00e1 mais alegria em dar do que em receber <em>(Act 20, 35)<\/em><\/span><\/h4>\n<h4 style=\"text-align: center;\"><span style=\"color: #ffffff;\">Recebestes de gra\u00e7a, dai de gra\u00e7a<em> (Mt 10, 8)<\/em><\/span><\/h4>\n<p>&nbsp;<\/p>\n<p style=\"text-align: justify;\">&#8220;A Igreja, mist\u00e9rio de comunh\u00e3o com Deus e com os homens, \u00e9 tamb\u00e9m uma Igreja de servi\u00e7o que exprime o amor de Deus na ac\u00e7\u00e3o s\u00f3cio-caritativa, quando realizada com base nos princ\u00edpios essenciais da primazia da caridade e do primado da pessoa humana.<br \/>\nAssim a ac\u00e7\u00e3o s\u00f3cio-caritativa da Igreja, baseada na pessoa e orientada para a pessoa humana que \u00e9 \u00abo princ\u00edpio, o sujeito e o fim de todas as institui\u00e7\u00f5es sociais\u00bb (Constitui\u00e7\u00e3o Pastoral Gaudium et Spes, 25), dever\u00e1 ser desenvolvida de acordo com o princ\u00edpio da universalidade e da subsidiariedade.<br \/>\nO testemunho evang\u00e9lico da caridade, elemento essencial da viv\u00eancia crist\u00e3, n\u00e3o pode ser reduzido \u00e0 iniciativa individual. A comunidade crist\u00e3 \u00e9 o principal sujeito e agente da diaconia eclesial, sem, contudo, excluir a participa\u00e7\u00e3o de grupos, movimentos, institui\u00e7\u00f5es \u00abespecializadas\u00bb e pessoas singulares que actuem inseridas nos projectos da comunidade e partilhem do esp\u00edrito que a animam, para assegurar a coordena\u00e7\u00e3o de sinergias e esfor\u00e7os. O agente pastoral n\u00e3o age isoladamente, \u00e9 mandatado pela comunidade. (Confer\u00eancia Episcopal Portuguesa, &#8220;Princ\u00edpios e Orienta\u00e7\u00f5es da Ac\u00e7\u00e3o Social e Caritativa da Igreja&#8221;, n.\u00ba 3-5).<\/p>\n<p><a href=\"http:\/\/paroquiagloria.org\/v2\/?page_id=192\">Confer\u00eancia Vicentina<\/a><\/p>\n<p><a href=\"http:\/\/paroquiagloria.org\/v2\/?page_id=199\">Patronato Nossa Senhora de F\u00e1tima &#8211; Vilar<\/a><\/p>\n<p><a href=\"http:\/\/paroquiagloria.org\/v2\/?page_id=194\">Rouparia solid\u00e1ria<\/a><\/p>\n<p><a href=\"http:\/\/paroquiagloria.org\/v2\/?page_id=189\">Visitadoras de doentes<\/a><\/p>\n<p>&nbsp;<\/p>\n<p>&nbsp;<\/p>\n<p>&nbsp;<\/p>\n<p>&nbsp;<\/p>\n","protected":false},"excerpt":{"rendered":"<p>H\u00e1 mais alegria em dar do que em receber (Act 20, 35) Recebestes de gra\u00e7a, dai de gra\u00e7a (Mt 10, 8) &nbsp; &#8220;A Igreja, mist\u00e9rio de comunh\u00e3o com Deus e com os homens, \u00e9 tamb\u00e9m uma Igreja de servi\u00e7o que exprime o amor de Deus na ac\u00e7\u00e3o s\u00f3cio-caritativa, quando realizada com base nos princ\u00edpios essenciais [&hellip;]<\/p>\n","protected":false},"author":1,"featured_media":0,"parent":53,"menu_order":0,"comment_status":"open","ping_status":"closed","template":"","meta":{"ngg_post_thumbnail":0},"_links":{"self":[{"href":"http:\/\/paroquiagloria.org\/v2\/index.php?rest_route=\/wp\/v2\/pages\/109"}],"collection":[{"href":"http:\/\/paroquiagloria.org\/v2\/index.php?rest_route=\/wp\/v2\/pages"}],"about":[{"href":"http:\/\/paroquiagloria.org\/v2\/index.php?rest_route=\/wp\/v2\/types\/page"}],"author":[{"embeddable":true,"href":"http:\/\/paroquiagloria.org\/v2\/index.php?rest_route=\/wp\/v2\/users\/1"}],"replies":[{"embeddable":true,"href":"http:\/\/paroquiagloria.org\/v2\/index.php?rest_route=%2Fwp%2Fv2%2Fcomments&post=109"}],"version-history":[{"count":10,"href":"http:\/\/paroquiagloria.org\/v2\/index.php?rest_route=\/wp\/v2\/pages\/109\/revisions"}],"predecessor-version":[{"id":2964,"href":"http:\/\/paroquiagloria.org\/v2\/index.php?rest_route=\/wp\/v2\/pages\/109\/revisions\/2964"}],"up":[{"embeddable":true,"href":"http:\/\/paroquiagloria.org\/v2\/index.php?rest_route=\/wp\/v2\/pages\/53"}],"wp:attachment":[{"href":"http:\/\/paroquiagloria.org\/v2\/index.php?rest_route=%2Fwp%2Fv2%2Fmedia&parent=109"}],"curies":[{"name":"wp","href":"https:\/\/api.w.org\/{rel}","templated":true}]}}