{"id":107,"date":"2013-01-22T19:57:35","date_gmt":"2013-01-22T19:57:35","guid":{"rendered":"http:\/\/paroquiagloria.org\/v2\/?page_id=107"},"modified":"2013-02-13T20:09:25","modified_gmt":"2013-02-13T20:09:25","slug":"movimentos","status":"publish","type":"page","link":"http:\/\/paroquiagloria.org\/v2\/?page_id=107","title":{"rendered":"Movimentos"},"content":{"rendered":"<p><a href=\"http:\/\/paroquiagloria.org\/v2\/wp-content\/uploads\/2013\/01\/comp.jpg\"><img loading=\"lazy\" class=\"size-full wp-image-707 aligncenter\" alt=\"comp\" src=\"http:\/\/paroquiagloria.org\/v2\/wp-content\/uploads\/2013\/01\/comp.jpg\" width=\"601\" height=\"150\" srcset=\"http:\/\/paroquiagloria.org\/v2\/wp-content\/uploads\/2013\/01\/comp.jpg 601w, http:\/\/paroquiagloria.org\/v2\/wp-content\/uploads\/2013\/01\/comp-300x74.jpg 300w\" sizes=\"(max-width: 601px) 100vw, 601px\" \/><\/a><br \/>\nDe um modo geral, direccionados para a evangeliza\u00e7\u00e3o e a educa\u00e7\u00e3o crist\u00e3, na Par\u00f3quia de Nossa Senhora da Gl\u00f3ria contam-se os seguintes movimentos:<\/p>\n<p><a href=\"http:\/\/paroquiagloria.org\/v2\/?page_id=176\">Ac\u00e7\u00e3o Cat\u00f3lica Rural<\/a><\/p>\n<p><a href=\"http:\/\/paroquiagloria.org\/v2\/?page_id=172\">Corpo Nacional de Escutas<\/a><\/p>\n<p><a href=\"http:\/\/paroquiagloria.org\/v2\/?page_id=174\">Juventude Franciscana<\/a><\/p>\n<p><a href=\"http:\/\/paroquiagloria.org\/v2\/?page_id=169\">Movimento de Apostolado de Adolescentes e Crian\u00e7as<\/a><\/p>\n<p>Vida Ascendente &#8211; Movimento Crist\u00e3o de\u00a0Reformados<\/p>\n<p>&nbsp;<\/p>\n","protected":false},"excerpt":{"rendered":"<p>De um modo geral, direccionados para a evangeliza\u00e7\u00e3o e a educa\u00e7\u00e3o crist\u00e3, na Par\u00f3quia de Nossa Senhora da Gl\u00f3ria contam-se os seguintes movimentos: Ac\u00e7\u00e3o Cat\u00f3lica Rural Corpo Nacional de Escutas Juventude Franciscana Movimento de Apostolado de Adolescentes e Crian\u00e7as Vida Ascendente &#8211; Movimento Crist\u00e3o de\u00a0Reformados &nbsp;<\/p>\n","protected":false},"author":1,"featured_media":0,"parent":53,"menu_order":0,"comment_status":"open","ping_status":"closed","template":"","meta":{"ngg_post_thumbnail":0},"_links":{"self":[{"href":"http:\/\/paroquiagloria.org\/v2\/index.php?rest_route=\/wp\/v2\/pages\/107"}],"collection":[{"href":"http:\/\/paroquiagloria.org\/v2\/index.php?rest_route=\/wp\/v2\/pages"}],"about":[{"href":"http:\/\/paroquiagloria.org\/v2\/index.php?rest_route=\/wp\/v2\/types\/page"}],"author":[{"embeddable":true,"href":"http:\/\/paroquiagloria.org\/v2\/index.php?rest_route=\/wp\/v2\/users\/1"}],"replies":[{"embeddable":true,"href":"http:\/\/paroquiagloria.org\/v2\/index.php?rest_route=%2Fwp%2Fv2%2Fcomments&post=107"}],"version-history":[{"count":8,"href":"http:\/\/paroquiagloria.org\/v2\/index.php?rest_route=\/wp\/v2\/pages\/107\/revisions"}],"predecessor-version":[{"id":254,"href":"http:\/\/paroquiagloria.org\/v2\/index.php?rest_route=\/wp\/v2\/pages\/107\/revisions\/254"}],"up":[{"embeddable":true,"href":"http:\/\/paroquiagloria.org\/v2\/index.php?rest_route=\/wp\/v2\/pages\/53"}],"wp:attachment":[{"href":"http:\/\/paroquiagloria.org\/v2\/index.php?rest_route=%2Fwp%2Fv2%2Fmedia&parent=107"}],"curies":[{"name":"wp","href":"https:\/\/api.w.org\/{rel}","templated":true}]}}